{"id":31,"date":"2025-09-28T22:25:41","date_gmt":"2025-09-28T22:25:41","guid":{"rendered":"https:\/\/padelbymiguel.com\/?page_id=31"},"modified":"2025-09-28T22:37:38","modified_gmt":"2025-09-28T22:37:38","slug":"inicio","status":"publish","type":"page","link":"https:\/\/padelbymiguel.com\/","title":{"rendered":"Inicio"},"content":{"rendered":"\t\t<div data-elementor-type=\"wp-page\" data-elementor-id=\"31\" class=\"elementor elementor-31\">\n\t\t\t\t<div class=\"elementor-element elementor-element-88e2ae9 e-flex e-con-boxed e-con e-parent\" data-id=\"88e2ae9\" data-element_type=\"container\">\n\t\t\t\t\t<div class=\"e-con-inner\">\n\t\t\t\t<div class=\"elementor-element elementor-element-de18375 elementor-widget elementor-widget-html\" data-id=\"de18375\" data-element_type=\"widget\" data-widget_type=\"html.default\">\n\t\t\t\t\t<!DOCTYPE html>\r\n<html lang=\"es\">\r\n<head>\r\n    <meta charset=\"UTF-8\">\r\n    <meta name=\"viewport\" content=\"width=device-width, initial-scale=1.0\">\r\n    <title>Padel by Miguel Rodriguez | El Ecosistema Integral del P\u00e1del<\/title>\r\n    <!-- Carga de Tailwind CSS -->\r\n    <script src=\"https:\/\/cdn.tailwindcss.com\"><\/script>\r\n    <!-- Configuraci\u00f3n de color y fuente recomendada por el plan de negocio -->\r\n    <script>\r\n        tailwind.config = {\r\n            theme: {\r\n                extend: {\r\n                    colors: {\r\n                        'pm-blue': '#29ABE2',        \/\/ Azul original (Accent - ahora usado de forma limitada)\r\n                        'pm-dark-blue': '#1A535C',  \/\/ Azul Oscuro (Primary Accent)\r\n                        'pm-green': '#4AA640',      \/\/ Verde \u00c1rbol (Secondary Accent - Color principal de CTA)\r\n                        'pm-dark': '#343A40',       \/\/ Texto Oscuro \/ Gray\r\n                        'pm-black': '#000000',      \/\/ Nuevo fondo muy oscuro\r\n                    },\r\n                    fontFamily: {\r\n                        'sans': ['Open Sans', 'sans-serif'],\r\n                        'title': ['Montserrat', 'sans-serif'],\r\n                    }\r\n                }\r\n            }\r\n        }\r\n    <\/script>\r\n    <style>\r\n        \/* Estilos personalizados para el Hero Section *\/\r\n        .hero-bg {\r\n            \/* Usando el negro como fondo principal y RESTAURANDO TEXTO DE PLACEHOLDER *\/\r\n            background-image: url('https:\/\/placehold.co\/1200x800\/000000\/FFFFFF?text=Padel+By+Miguel');\r\n            background-size: cover;\r\n            background-position: center;\r\n            position: relative;\r\n        }\r\n\r\n        .cta-button {\r\n            transition: all 0.3s ease;\r\n            box-shadow: 0 4px 6px rgba(0, 0, 0, 0.1);\r\n        }\r\n\r\n        .cta-button:hover {\r\n            transform: translateY(-2px);\r\n            box-shadow: 0 10px 15px rgba(0, 0, 0, 0.2);\r\n        }\r\n    <\/style>\r\n<\/head>\r\n<body class=\"bg-white text-pm-dark font-sans\">\r\n\r\n    <!-- Encabezado (Header) -->\r\n    <header class=\"bg-white shadow-md sticky top-0 z-50\">\r\n        <div class=\"max-w-7xl mx-auto px-4 sm:px-6 lg:px-8 py-4 flex justify-between items-center\">\r\n            \r\n            <!-- Placeholder para Logo de Marca Personal (SIN TEXTO) -->\r\n            <div class=\"flex items-center space-x-2 h-6\">\r\n                <!-- Deja este espacio vac\u00edo para que el usuario coloque su logo -->\r\n            <\/div>\r\n            \r\n            <!-- Navegaci\u00f3n (Desktop) - ELIMINADA -->\r\n            <nav class=\"hidden md:flex space-x-8 text-lg font-medium\">\r\n                <!-- Men\u00fas de navegaci\u00f3n eliminados por solicitud, dejando solo el logo placeholder y el bot\u00f3n m\u00f3vil -->\r\n            <\/nav>\r\n\r\n            <!-- Botones CTA (Desktop) - ELIMINADOS por la solicitud del usuario -->\r\n            <div class=\"hidden md:flex space-x-4\">\r\n                <!-- Espacio de botones eliminado -->\r\n            <\/div>\r\n\r\n            <!-- Men\u00fa M\u00f3vil (Icono) -->\r\n            <button id=\"menu-button\" class=\"md:hidden p-2 text-pm-dark hover:text-pm-green rounded-md focus:outline-none\">\r\n                <svg xmlns=\"http:\/\/www.w3.org\/2000\/svg\" width=\"24\" height=\"24\" viewBox=\"0 0 24 24\" fill=\"none\" stroke=\"currentColor\" stroke-width=\"2\" stroke-linecap=\"round\" stroke-linejoin=\"round\"><line x1=\"3\" y1=\"12\" x2=\"21\" y2=\"12\"><\/line><line x1=\"3\" y1=\"6\" x2=\"21\" y2=\"6\"><\/line><line x1=\"3\" y1=\"18\" x2=\"21\" y2=\"18\"><\/line><\/svg>\r\n            <\/button>\r\n        <\/div>\r\n\r\n        <!-- Men\u00fa M\u00f3vil (Desplegable) - ELIMINADO (se quitan todos los enlaces) -->\r\n        <div id=\"mobile-menu\" class=\"hidden md:hidden bg-white px-4 pt-2 pb-4 space-y-2 font-medium\">\r\n            <!-- Men\u00fas de navegaci\u00f3n eliminados por solicitud -->\r\n        <\/div>\r\n    <\/header>\r\n\r\n    <!-- Secci\u00f3n Principal (Hero Section) -->\r\n    <section class=\"hero-bg h-screen flex items-center justify-center text-center\">\r\n        <div class=\"bg-pm-black bg-opacity-70 p-8 md:p-16 rounded-2xl max-w-4xl mx-auto shadow-2xl\">\r\n            <h1 class=\"font-title text-4xl md:text-6xl text-white font-extrabold leading-tight mb-4 animate-fadeIn\">\r\n                Llevo el p\u00e1del a otro nivel. El tuyo.\r\n            <\/h1>\r\n            <p class=\"text-lg md:text-xl text-pm-green mb-8\">\r\n                **Soy Miguel Rodriguez**. Mi experiencia de **+25 a\u00f1os en Europa** est\u00e1 aqu\u00ed para profesionalizar tu juego, tu gesti\u00f3n y tu inversi\u00f3n en el p\u00e1del en Am\u00e9rica.\r\n            <\/p>\r\n            \r\n            <!-- Llamadas a la Acci\u00f3n (CTAs) segmentadas - AHORA AMBOS VERDES -->\r\n            <div class=\"flex flex-col sm:flex-row justify-center space-y-4 sm:space-y-0 sm:space-x-4\">\r\n                <a href=\"#servicios\" class=\"cta-button px-8 py-3 bg-pm-green text-white rounded-full font-bold text-lg hover:bg-pm-dark-blue\">\r\n                    Quiero elevar mi juego\r\n                <\/a>\r\n                <a href=\"#clubes\" class=\"cta-button px-8 py-3 bg-pm-green text-white rounded-full font-bold text-lg hover:bg-pm-dark-blue\">\r\n                    Quiero profesionalizar mi negocio\r\n                <\/a>\r\n            <\/div>\r\n        <\/div>\r\n    <\/section>\r\n\r\n    <!-- Secci\u00f3n \"Mi Misi\u00f3n y Ventaja\" -->\r\n    <section id=\"mision\" class=\"py-16 md:py-24 bg-gray-50\">\r\n        <div class=\"max-w-7xl mx-auto px-4 sm:px-6 lg:px-8\">\r\n            <h2 class=\"font-title text-3xl md:text-4xl text-center font-bold mb-12\">\r\n                Mi Misi\u00f3n: Unificar y Profesionalizar el P\u00e1del\r\n            <\/h2>\r\n            <div class=\"grid md:grid-cols-2 gap-12 items-center\">\r\n                <!-- Columna de texto sobre Miguel Rodriguez -->\r\n                <div>\r\n                    <!-- T\u00edtulo de la ventaja competitiva en AZUL OSCURO (pm-dark-blue) -->\r\n                    <h3 class=\"font-title text-2xl font-semibold text-pm-dark-blue mb-4\">\r\n                        La Ventaja Competitiva: 25 A\u00f1os de Experiencia\r\n                    <\/h3>\r\n                    <p class=\"text-lg mb-6 leading-relaxed\">\r\n                        Despu\u00e9s de m\u00e1s de dos d\u00e9cadas administrando clubes, formando jugadores y certificando profesionales en **Europa, el mercado m\u00e1s desarrollado del p\u00e1del**, decid\u00ed traer mi conocimiento integral a Am\u00e9rica y EE. UU.\r\n                    <\/p>\r\n                    <p class=\"text-lg leading-relaxed\">\r\n                        He resuelto la fragmentaci\u00f3n del sector. Padel by Miguel Rodriguez no es solo una academia; es un **ecosistema unificado** que estandariza la formaci\u00f3n, optimiza la gesti\u00f3n de clubes y facilita la inversi\u00f3n estrat\u00e9gica.\r\n                    <\/p>\r\n                    <a href=\"#mision\" class=\"inline-block mt-6 px-6 py-3 border border-pm-dark-blue text-pm-dark-blue rounded-full hover:bg-pm-dark-blue hover:text-white transition duration-300 font-medium\">\r\n                        Conoce m\u00e1s sobre mi historia\r\n                    <\/a>\r\n                <\/div>\r\n                <!-- Columna de imagen o \u00edconos -->\r\n                <div class=\"relative flex justify-center items-center\">\r\n                    <!-- Iconograf\u00eda de Ecosistema - Usando SVGs para profesionalismo -->\r\n                    <div class=\"grid grid-cols-2 gap-6 p-6 bg-white rounded-xl shadow-lg border border-pm-dark-blue\/30\">\r\n                        \r\n                        <!-- 1. Jugadores y Profesores -->\r\n                        <div class=\"flex flex-col items-center text-center p-4 rounded-lg bg-pm-dark-blue\/10\">\r\n                            <svg xmlns=\"http:\/\/www.w3.org\/2000\/svg\" width=\"36\" height=\"36\" viewBox=\"0 0 24 24\" fill=\"none\" stroke=\"currentColor\" stroke-width=\"2\" stroke-linecap=\"round\" stroke-linejoin=\"round\" class=\"text-pm-dark-blue\"><path d=\"M17 21v-2a4 4 0 0 0-4-4H5a4 4 0 0 0-4 4v2\"><\/path><circle cx=\"9\" cy=\"7\" r=\"4\"><\/circle><path d=\"M23 21v-2a4 4 0 0 0-3-3.87\"><\/path><path d=\"M16 3.13a4 4 0 0 1 0 7.75\"><\/path><\/svg>\r\n                            <p class=\"mt-2 font-semibold text-sm\">Jugadores y Profesores<\/p>\r\n                            <small class=\"text-xs text-gray-600\">Formaci\u00f3n y Certificaci\u00f3n<\/small>\r\n                        <\/div>\r\n                        \r\n                        <!-- 2. Clubes y Gesti\u00f3n -->\r\n                        <div class=\"flex flex-col items-center text-center p-4 rounded-lg bg-pm-dark-blue\/10\">\r\n                            <svg xmlns=\"http:\/\/www.w3.org\/2000\/svg\" width=\"36\" height=\"36\" viewBox=\"0 0 24 24\" fill=\"none\" stroke=\"currentColor\" stroke-width=\"2\" stroke-linecap=\"round\" stroke-linejoin=\"round\" class=\"text-pm-dark-blue\"><path d=\"M8 2v10l2-1 2 1 2-1 2 1V2\"><\/path><path d=\"M4 5a2 2 0 0 1 2-2h12a2 2 0 0 1 2 2v15a2 2 0 0 1-2 2H6a2 2 0 0 1-2-2V5z\"><\/path><\/svg>\r\n                            <p class=\"mt-2 font-semibold text-sm\">Clubes y Gesti\u00f3n<\/p>\r\n                            <small class=\"text-xs text-gray-600\">Optimizaci\u00f3n de Operaciones<\/small>\r\n                        <\/div>\r\n\r\n                        <!-- 3. Inversionistas -->\r\n                        <div class=\"flex flex-col items-center text-center p-4 rounded-lg bg-pm-dark-blue\/10\">\r\n                            <svg xmlns=\"http:\/\/www.w3.org\/2000\/svg\" width=\"36\" height=\"36\" viewBox=\"0 0 24 24\" fill=\"none\" stroke=\"currentColor\" stroke-width=\"2\" stroke-linecap=\"round\" stroke-linejoin=\"round\" class=\"text-pm-dark-blue\"><path d=\"M12 2v20M17 5H9.5a3.5 3.5 0 0 0 0 7h5a3.5 3.5 0 0 1 0 7H6\"><\/path><\/svg>\r\n                            <p class=\"mt-2 font-semibold text-sm\">Inversionistas<\/p>\r\n                            <small class=\"text-xs text-gray-600\">Oportunidades Estrat\u00e9gicas<\/small>\r\n                        <\/div>\r\n\r\n                        <!-- 4. Know-How Europeo -->\r\n                        <div class=\"flex flex-col items-center text-center p-4 rounded-lg bg-pm-dark-blue\/10\">\r\n                            <svg xmlns=\"http:\/\/www.w3.org\/2000\/svg\" width=\"36\" height=\"36\" viewBox=\"0 0 24 24\" fill=\"none\" stroke=\"currentColor\" stroke-width=\"2\" stroke-linecap=\"round\" stroke-linejoin=\"round\" class=\"text-pm-dark-blue\"><circle cx=\"12\" cy=\"12\" r=\"10\"><\/circle><path d=\"M2 12h20\"><\/path><path d=\"M12 2a15.3 15.3 0 0 1 4 10 15.3 15.3 0 0 1-4 10 15.3 15.3 0 0 1-4-10 15.3 15.3 0 0 1 4-10z\"><\/path><\/svg>\r\n                            <p class=\"mt-2 font-semibold text-sm\">Know-How Europeo<\/p>\r\n                            <small class=\"text-xs text-gray-600\">+25 a\u00f1os de experiencia<\/small>\r\n                        <\/div>\r\n                    <\/div>\r\n                <\/div>\r\n            <\/div>\r\n        <\/div>\r\n    <\/section>\r\n\r\n    <!-- Secci\u00f3n de Servicios Clave -->\r\n    <section id=\"servicios\" class=\"py-16 md:py-24 bg-white\">\r\n        <div class=\"max-w-7xl mx-auto px-4 sm:px-6 lg:px-8\">\r\n            <h2 class=\"font-title text-4xl text-center font-bold mb-16\">\r\n                Mis Pilares de Crecimiento\r\n            <\/h2>\r\n            \r\n            <div class=\"grid grid-cols-1 md:grid-cols-3 gap-8\">\r\n\r\n                <!-- Bloque 1: Jugadores\/Entrenadores -->\r\n                <div class=\"bg-gray-50 rounded-xl p-6 shadow-lg border-t-4 border-pm-green hover:shadow-2xl transition duration-300\">\r\n                    <div class=\"flex items-center space-x-3 mb-4\">\r\n                        <svg xmlns=\"http:\/\/www.w3.org\/2000\/svg\" width=\"32\" height=\"32\" viewBox=\"0 0 24 24\" fill=\"none\" stroke=\"currentColor\" stroke-width=\"2\" stroke-linecap=\"round\" stroke-linejoin=\"round\" class=\"text-pm-green\"><path d=\"M4 15s1-1 4-1 5 2 8 2 4-1 4-1V3s-1 1-4 1-5-2-8-2-4 1-4 1z\"><\/path><line x1=\"4\" y1=\"22\" x2=\"4\" y2=\"15\"><\/line><\/svg>\r\n                        <h3 class=\"font-title text-xl font-bold\">Academia y Certificaci\u00f3n<\/h3>\r\n                    <\/div>\r\n                    <p class=\"text-pm-dark mb-4\">\r\n                        Programas de formaci\u00f3n **online y presencial** de alta calidad. Te doy las metodolog\u00edas de ense\u00f1anza y las t\u00e9cnicas de juego m\u00e1s avanzadas de Europa.\r\n                    <\/p>\r\n                    <ul class=\"list-disc pl-5 text-sm text-gray-600 mb-6\">\r\n                        <li>Cursos para Jugadores (Todos los niveles)<\/li>\r\n                        <li>Certificaci\u00f3n para Profesores<\/li>\r\n                    <\/ul>\r\n                    <a href=\"#servicios\" class=\"inline-flex items-center text-pm-green font-semibold hover:text-pm-dark-blue transition duration-300\">\r\n                        Quiero elevar mi juego\r\n                        <svg xmlns=\"http:\/\/www.w3.org\/2000\/svg\" width=\"16\" height=\"16\" viewBox=\"0 0 24 24\" fill=\"none\" stroke=\"currentColor\" stroke-width=\"2\" stroke-linecap=\"round\" stroke-linejoin=\"round\" class=\"ml-1\"><path d=\"M5 12h14M12 5l7 7-7 7\"\/><\/svg>\r\n                    <\/a>\r\n                <\/div>\r\n\r\n                <!-- Bloque 2: Clubes -->\r\n                <div class=\"bg-gray-50 rounded-xl p-6 shadow-lg border-t-4 border-pm-green hover:shadow-2xl transition duration-300\" id=\"clubes\">\r\n                    <div class=\"flex items-center space-x-3 mb-4\">\r\n                        <svg xmlns=\"http:\/\/www.w3.org\/2000\/svg\" width=\"32\" height=\"32\" viewBox=\"0 0 24 24\" fill=\"none\" stroke=\"currentColor\" stroke-width=\"2\" stroke-linecap=\"round\" stroke-linejoin=\"round\" class=\"text-pm-green\"><path d=\"M12 2H2v10l9.29 9.29c.94.94 2.48.94 3.42 0l6.58-6.58c.94-.94.94-2.48 0-3.42L12 2z\"><\/path><path d=\"M7.5 7.5h.01\"><\/path><\/svg>\r\n                        <h3 class=\"font-title text-xl font-bold\">Consultor\u00eda y Gesti\u00f3n de Clubes<\/h3>\r\n                    <\/div>\r\n                    <p class=\"text-pm-dark mb-4\">\r\n                        Servicios de asesoramiento para optimizar tu club. Te ayudo a gestionar eficientemente, mejorar la experiencia del cliente y **aumentar tu rentabilidad** con modelos probados.\r\n                    <\/p>\r\n                    <ul class=\"list-disc pl-5 text-sm text-gray-600 mb-6\">\r\n                        <li>Optimizaci\u00f3n de Operaciones<\/li>\r\n                        <li>Estrategias de Marketing y Socios<\/li>\r\n                    <\/ul>\r\n                    <a href=\"#clubes\" class=\"inline-flex items-center text-pm-green font-semibold hover:text-pm-dark-blue transition duration-300\">\r\n                        Agenda una consultor\u00eda gratuita\r\n                        <svg xmlns=\"http:\/\/www.w3.org\/2000\/svg\" width=\"16\" height=\"16\" viewBox=\"0 0 24 24\" fill=\"none\" stroke=\"currentColor\" stroke-width=\"2\" stroke-linecap=\"round\" stroke-linejoin=\"round\" class=\"ml-1\"><path d=\"M5 12h14M12 5l7 7-7 7\"\/><\/svg>\r\n                    <\/a>\r\n                <\/div>\r\n\r\n                <!-- Bloque 3: Inversionistas -->\r\n                <div class=\"bg-gray-50 rounded-xl p-6 shadow-lg border-t-4 border-pm-dark-blue hover:shadow-2xl transition duration-300\" id=\"inversionistas\">\r\n                    <div class=\"flex items-center space-x-3 mb-4\">\r\n                        <svg xmlns=\"http:\/\/www.w3.org\/2000\/svg\" width=\"32\" height=\"32\" viewBox=\"0 0 24 24\" fill=\"none\" stroke=\"currentColor\" stroke-width=\"2\" stroke-linecap=\"round\" stroke-linejoin=\"round\" class=\"text-pm-dark-blue\"><path d=\"M12 2v20M17 5H9.5a3.5 3.5 0 0 0 0 7h5a3.5 3.5 0 0 1 0 7H6\"><\/path><\/svg>\r\n                        <h3 class=\"font-title text-xl font-bold\">Plataforma para Inversores<\/h3>\r\n                    <\/div>\r\n                    <p class=\"text-pm-dark mb-4\">\r\n                        Accede a informaci\u00f3n fiable y a proyectos s\u00f3lidos en el sector del p\u00e1del. Te facilito la conexi\u00f3n para que inviertas en el mercado deportivo en expansi\u00f3n con alto potencial de retorno.\r\n                    <\/p>\r\n                    <ul class=\"list-disc pl-5 text-sm text-gray-600 mb-6\">\r\n                        <li>Conexi\u00f3n con Proyectos S\u00f3lidos<\/li>\r\n                        <li>An\u00e1lisis y Proyecciones de Crecimiento<\/li>\r\n                    <\/ul>\r\n                    <a href=\"#inversionistas\" class=\"inline-flex items-center text-pm-dark-blue font-semibold hover:text-pm-green transition duration-300\">\r\n                        Descarga el resumen ejecutivo\r\n                        <svg xmlns=\"http:\/\/www.w3.org\/2000\/svg\" width=\"16\" height=\"16\" viewBox=\"0 0 24 24\" fill=\"none\" stroke=\"currentColor\" stroke-width=\"2\" stroke-linecap=\"round\" stroke-linejoin=\"round\" class=\"ml-1\"><path d=\"M5 12h14M12 5l7 7-7 7\"\/><\/svg>\r\n                    <\/a>\r\n                <\/div>\r\n\r\n            <\/div>\r\n        <\/div>\r\n    <\/section>\r\n\r\n    <!-- Secci\u00f3n de Testimonios\/Llamada a la acci\u00f3n final -->\r\n    <section class=\"py-16 md:py-24 bg-pm-black text-white\">\r\n        <div class=\"max-w-4xl mx-auto px-4 sm:px-6 lg:px-8 text-center\">\r\n            <p class=\"text-2xl md:text-3xl font-title font-light mb-8 italic leading-relaxed text-pm-green\">\r\n                \"Mi visi\u00f3n es clara: convertir la pasi\u00f3n por el p\u00e1del en un futuro profesional y sostenible para todos.\"\r\n            <\/p>\r\n            <p class=\"text-lg mb-10 text-gray-300 font-medium\">\u2014 Miguel Rodriguez, Fundador<\/p>\r\n            \r\n            <a href=\"mailto:info@padelbymiguel.com\" class=\"cta-button px-10 py-4 bg-pm-green text-white rounded-full font-bold text-xl hover:bg-pm-dark-blue transform hover:scale-105 transition duration-300\">\r\n                \u00a1\u00danete al Ecosistema!\r\n            <\/a>\r\n        <\/div>\r\n    <\/section>\r\n\r\n    <!-- Pie de P\u00e1gina (Footer) - SOLO COPYRIGHT -->\r\n    <footer class=\"bg-gray-100 py-6\">\r\n        <div class=\"max-w-7xl mx-auto px-4 sm:px-6 lg:px-8 text-center text-sm text-gray-500\">\r\n            &copy; 2025 Padel By Miguel. Todos los derechos reservados.\r\n        <\/div>\r\n    <\/footer>\r\n    \r\n    <!-- Script para el men\u00fa m\u00f3vil -->\r\n    <script>\r\n        document.getElementById('menu-button').addEventListener('click', function() {\r\n            var mobileMenu = document.getElementById('mobile-menu');\r\n            mobileMenu.classList.toggle('hidden');\r\n        });\r\n    <\/script>\r\n<\/body>\r\n<\/html>\r\n\t\t\t\t<\/div>\n\t\t\t\t\t<\/div>\n\t\t\t\t<\/div>\n\t\t\t\t<\/div>\n\t\t","protected":false},"excerpt":{"rendered":"<p>Padel by Miguel Rodriguez | El Ecosistema Integral del P\u00e1del Llevo el p\u00e1del a otro nivel. El tuyo. **Soy Miguel [&hellip;]<\/p>\n","protected":false},"author":1,"featured_media":0,"parent":0,"menu_order":0,"comment_status":"closed","ping_status":"closed","template":"","meta":{"site-sidebar-layout":"no-sidebar","site-content-layout":"","ast-site-content-layout":"full-width-container","site-content-style":"default","site-sidebar-style":"default","ast-global-header-display":"","ast-banner-title-visibility":"","ast-main-header-display":"","ast-hfb-above-header-display":"","ast-hfb-below-header-display":"","ast-hfb-mobile-header-display":"","site-post-title":"disabled","ast-breadcrumbs-content":"","ast-featured-img":"disabled","footer-sml-layout":"","theme-transparent-header-meta":"","adv-header-id-meta":"","stick-header-meta":"","header-above-stick-meta":"","header-main-stick-meta":"","header-below-stick-meta":"","astra-migrate-meta-layouts":"default","ast-page-background-enabled":"default","ast-page-background-meta":{"desktop":{"background-color":"var(--ast-global-color-5)","background-image":"","background-repeat":"repeat","background-position":"center center","background-size":"auto","background-attachment":"scroll","background-type":"","background-media":"","overlay-type":"","overlay-color":"","overlay-opacity":"","overlay-gradient":""},"tablet":{"background-color":"","background-image":"","background-repeat":"repeat","background-position":"center center","background-size":"auto","background-attachment":"scroll","background-type":"","background-media":"","overlay-type":"","overlay-color":"","overlay-opacity":"","overlay-gradient":""},"mobile":{"background-color":"","background-image":"","background-repeat":"repeat","background-position":"center center","background-size":"auto","background-attachment":"scroll","background-type":"","background-media":"","overlay-type":"","overlay-color":"","overlay-opacity":"","overlay-gradient":""}},"ast-content-background-meta":{"desktop":{"background-color":"var(--ast-global-color-4)","background-image":"","background-repeat":"repeat","background-position":"center center","background-size":"auto","background-attachment":"scroll","background-type":"","background-media":"","overlay-type":"","overlay-color":"","overlay-opacity":"","overlay-gradient":""},"tablet":{"background-color":"var(--ast-global-color-4)","background-image":"","background-repeat":"repeat","background-position":"center center","background-size":"auto","background-attachment":"scroll","background-type":"","background-media":"","overlay-type":"","overlay-color":"","overlay-opacity":"","overlay-gradient":""},"mobile":{"background-color":"var(--ast-global-color-4)","background-image":"","background-repeat":"repeat","background-position":"center center","background-size":"auto","background-attachment":"scroll","background-type":"","background-media":"","overlay-type":"","overlay-color":"","overlay-opacity":"","overlay-gradient":""}},"footnotes":""},"class_list":["post-31","page","type-page","status-publish","hentry"],"_links":{"self":[{"href":"https:\/\/padelbymiguel.com\/index.php\/wp-json\/wp\/v2\/pages\/31","targetHints":{"allow":["GET"]}}],"collection":[{"href":"https:\/\/padelbymiguel.com\/index.php\/wp-json\/wp\/v2\/pages"}],"about":[{"href":"https:\/\/padelbymiguel.com\/index.php\/wp-json\/wp\/v2\/types\/page"}],"author":[{"embeddable":true,"href":"https:\/\/padelbymiguel.com\/index.php\/wp-json\/wp\/v2\/users\/1"}],"replies":[{"embeddable":true,"href":"https:\/\/padelbymiguel.com\/index.php\/wp-json\/wp\/v2\/comments?post=31"}],"version-history":[{"count":11,"href":"https:\/\/padelbymiguel.com\/index.php\/wp-json\/wp\/v2\/pages\/31\/revisions"}],"predecessor-version":[{"id":43,"href":"https:\/\/padelbymiguel.com\/index.php\/wp-json\/wp\/v2\/pages\/31\/revisions\/43"}],"wp:attachment":[{"href":"https:\/\/padelbymiguel.com\/index.php\/wp-json\/wp\/v2\/media?parent=31"}],"curies":[{"name":"wp","href":"https:\/\/api.w.org\/{rel}","templated":true}]}}